{"id":2,"date":"2023-04-06T18:59:53","date_gmt":"2023-04-06T18:59:53","guid":{"rendered":"https:\/\/www.kenthakki.org\/?page_id=2"},"modified":"2023-04-08T22:47:43","modified_gmt":"2023-04-08T22:47:43","slug":"sample-page","status":"publish","type":"page","link":"https:\/\/www.kenthakki.org\/?page_id=2","title":{"rendered":"HAKKIMIZDA"},"content":{"rendered":"\n<p>Kuzey Y\u0131ld\u0131z\u0131 Platformu, Do\u011fu ve G\u00fcneydo\u011fu Anadolu B\u00f6lgesinin kent, il\u00e7e, k\u00f6y ve mezralar\u0131nda birlikte ya\u015fam\u0131n sayg\u0131yla, gelenekle, nezaketle, bilgiyle ve kurallarla g\u00fc\u00e7lenmesi amac\u0131ndaki sivil, demokrat, \u00e7a\u011fc\u0131l ve ba\u011f\u0131ms\u0131z bir grup birey taraf\u0131ndan olu\u015fturuldu.<\/p>\n\n\n\n<p>Platform, b\u00f6lgenin dili, inanc\u0131, k\u00fclt\u00fcr\u00fc ayn\u0131 ve farkl\u0131 her bir birey, grup, topluluk ve toplumunun endi\u015felerini, \u00f6nerilerini, \u00e7\u00f6z\u00fcmlerini a\u00e7\u0131k\u00e7a ortaya koyabilece\u011fi, payla\u015fabilece\u011fi bir olanakt\u0131r, ara\u00e7t\u0131r.<\/p>\n\n\n\n<figure class=\"wp-block-image size-full is-resized\"><img loading=\"lazy\" decoding=\"async\" src=\"https:\/\/www.kenthakki.org\/wp-content\/uploads\/2023\/04\/RESIM3.jpg\" alt=\"\" class=\"wp-image-347\" width=\"1140\" height=\"1520\" srcset=\"https:\/\/www.kenthakki.org\/wp-content\/uploads\/2023\/04\/RESIM3.jpg 768w, https:\/\/www.kenthakki.org\/wp-content\/uploads\/2023\/04\/RESIM3-225x300.jpg 225w\" sizes=\"auto, (max-width: 1140px) 100vw, 1140px\" \/><\/figure>\n","protected":false},"excerpt":{"rendered":"<p>Kuzey Y\u0131ld\u0131z\u0131 Platformu, Do\u011fu ve G\u00fcneydo\u011fu Anadolu B\u00f6lgesinin kent, il\u00e7e, k\u00f6y ve mezralar\u0131nda birlikte ya\u015fam\u0131n sayg\u0131yla, gelenekle, nezaketle, bilgiyle ve kurallarla g\u00fc\u00e7lenmesi amac\u0131ndaki sivil, demokrat, \u00e7a\u011fc\u0131l ve ba\u011f\u0131ms\u0131z bir grup birey taraf\u0131ndan olu\u015fturuldu. Platform, b\u00f6lgenin dili, inanc\u0131, k\u00fclt\u00fcr\u00fc ayn\u0131 ve farkl\u0131 her bir birey, grup, topluluk ve toplumunun endi\u015felerini, \u00f6nerilerini, \u00e7\u00f6z\u00fcmlerini a\u00e7\u0131k\u00e7a ortaya koyabilece\u011fi, payla\u015fabilece\u011fi [&hellip;]<\/p>\n","protected":false},"author":1,"featured_media":0,"parent":0,"menu_order":0,"comment_status":"closed","ping_status":"open","template":"","meta":{"footnotes":""},"class_list":["post-2","page","type-page","status-publish","hentry"],"_links":{"self":[{"href":"https:\/\/www.kenthakki.org\/index.php?rest_route=\/wp\/v2\/pages\/2","targetHints":{"allow":["GET"]}}],"collection":[{"href":"https:\/\/www.kenthakki.org\/index.php?rest_route=\/wp\/v2\/pages"}],"about":[{"href":"https:\/\/www.kenthakki.org\/index.php?rest_route=\/wp\/v2\/types\/page"}],"author":[{"embeddable":true,"href":"https:\/\/www.kenthakki.org\/index.php?rest_route=\/wp\/v2\/users\/1"}],"replies":[{"embeddable":true,"href":"https:\/\/www.kenthakki.org\/index.php?rest_route=%2Fwp%2Fv2%2Fcomments&post=2"}],"version-history":[{"count":5,"href":"https:\/\/www.kenthakki.org\/index.php?rest_route=\/wp\/v2\/pages\/2\/revisions"}],"predecessor-version":[{"id":420,"href":"https:\/\/www.kenthakki.org\/index.php?rest_route=\/wp\/v2\/pages\/2\/revisions\/420"}],"wp:attachment":[{"href":"https:\/\/www.kenthakki.org\/index.php?rest_route=%2Fwp%2Fv2%2Fmedia&parent=2"}],"curies":[{"name":"wp","href":"https:\/\/api.w.org\/{rel}","templated":true}]}}