{"id":258,"date":"2020-12-18T01:01:50","date_gmt":"2020-12-18T01:01:50","guid":{"rendered":"https:\/\/themegrilldemos.com\/radiate\/?page_id=2"},"modified":"2023-04-08T21:19:22","modified_gmt":"2023-04-08T21:19:22","slug":"sample-page-2","status":"publish","type":"page","link":"https:\/\/www.kenthakki.org\/?page_id=258","title":{"rendered":"KENT HAKKI"},"content":{"rendered":"\n<p>Kent hakk\u0131 kentteki bir mekan\u0131 de\u011fil, kenti bir mekan olarak d\u00fc\u015f\u00fcnmeye ba\u015flad\u0131\u011f\u0131m\u0131zda \u015fekillenmeye ba\u015flar. Kentlerimizin ekonomik, ula\u015f\u0131m, e\u011fitim, sa\u011fl\u0131k, k\u00fclt\u00fcrel, politik, ekolojik, \u00e7evresel sorunlar\u0131n\u0131 kent d\u00fczeyinde ele almak istiyoruz. Kentin imkanlar\u0131na kat\u0131lmak istiyoruz.<\/p>\n\n\n\n<p>Biz, Kent Hakk\u0131 Giri\u015fimi bile\u015fenleri, b\u00f6lgemizdeki kentlerimizi birer mekan olarak g\u00f6r\u00fcyoruz ve kentsel mekan\u0131n \u00fcretimindeki t\u00fcm kararlara e\u015fit ve aktif \u015fekilde kat\u0131lma hakk\u0131na sahip \u00e7\u0131kmak i\u00e7in harekete ge\u00e7iyoruz. Kent hakk\u0131 ve kentlile\u015fme i\u00e7in b\u00f6lgemize katk\u0131da bulunmak isteyen sivil birey ve kurulu\u015flara alan a\u00e7mak ve olanak sa\u011flamak amac\u0131nday\u0131z.<\/p>\n\n\n\n<p>B\u00f6lgesel Kent Hakk\u0131 Giri\u015fimi\u2019ne kat\u0131lmaya, g\u00f6n\u00fcll\u00fcs\u00fc ve destek\u00e7isi olmaya davet ediyoruz.<\/p>\n\n\n\n<p>kenthakkim@gmail.com<\/p>\n\n\n\n<p><\/p>\n\n\n\n<p><\/p>\n\n\n\n<figure class=\"wp-block-image size-full\"><img loading=\"lazy\" decoding=\"async\" width=\"1024\" height=\"768\" src=\"https:\/\/www.kenthakki.org\/wp-content\/uploads\/2023\/04\/a3b6af37-c469-4192-8351-d0e10d97e929.jpeg\" alt=\"\" class=\"wp-image-372\" srcset=\"https:\/\/www.kenthakki.org\/wp-content\/uploads\/2023\/04\/a3b6af37-c469-4192-8351-d0e10d97e929.jpeg 1024w, https:\/\/www.kenthakki.org\/wp-content\/uploads\/2023\/04\/a3b6af37-c469-4192-8351-d0e10d97e929-300x225.jpeg 300w, https:\/\/www.kenthakki.org\/wp-content\/uploads\/2023\/04\/a3b6af37-c469-4192-8351-d0e10d97e929-768x576.jpeg 768w\" sizes=\"auto, (max-width: 1024px) 100vw, 1024px\" \/><\/figure>\n\n\n\n<p><\/p>\n","protected":false},"excerpt":{"rendered":"<p>Kent hakk\u0131 kentteki bir mekan\u0131 de\u011fil, kenti bir mekan olarak d\u00fc\u015f\u00fcnmeye ba\u015flad\u0131\u011f\u0131m\u0131zda \u015fekillenmeye ba\u015flar. Kentlerimizin ekonomik, ula\u015f\u0131m, e\u011fitim, sa\u011fl\u0131k, k\u00fclt\u00fcrel, politik, ekolojik, \u00e7evresel sorunlar\u0131n\u0131 kent d\u00fczeyinde ele almak istiyoruz. Kentin imkanlar\u0131na kat\u0131lmak istiyoruz. Biz, Kent Hakk\u0131 Giri\u015fimi bile\u015fenleri, b\u00f6lgemizdeki kentlerimizi birer mekan olarak g\u00f6r\u00fcyoruz ve kentsel mekan\u0131n \u00fcretimindeki t\u00fcm kararlara e\u015fit ve aktif \u015fekilde kat\u0131lma [&hellip;]<\/p>\n","protected":false},"author":1,"featured_media":0,"parent":0,"menu_order":0,"comment_status":"closed","ping_status":"open","template":"","meta":{"footnotes":""},"class_list":["post-258","page","type-page","status-publish","hentry"],"_links":{"self":[{"href":"https:\/\/www.kenthakki.org\/index.php?rest_route=\/wp\/v2\/pages\/258","targetHints":{"allow":["GET"]}}],"collection":[{"href":"https:\/\/www.kenthakki.org\/index.php?rest_route=\/wp\/v2\/pages"}],"about":[{"href":"https:\/\/www.kenthakki.org\/index.php?rest_route=\/wp\/v2\/types\/page"}],"author":[{"embeddable":true,"href":"https:\/\/www.kenthakki.org\/index.php?rest_route=\/wp\/v2\/users\/1"}],"replies":[{"embeddable":true,"href":"https:\/\/www.kenthakki.org\/index.php?rest_route=%2Fwp%2Fv2%2Fcomments&post=258"}],"version-history":[{"count":7,"href":"https:\/\/www.kenthakki.org\/index.php?rest_route=\/wp\/v2\/pages\/258\/revisions"}],"predecessor-version":[{"id":409,"href":"https:\/\/www.kenthakki.org\/index.php?rest_route=\/wp\/v2\/pages\/258\/revisions\/409"}],"wp:attachment":[{"href":"https:\/\/www.kenthakki.org\/index.php?rest_route=%2Fwp%2Fv2%2Fmedia&parent=258"}],"curies":[{"name":"wp","href":"https:\/\/api.w.org\/{rel}","templated":true}]}}